{"id":211,"date":"2021-04-06T08:45:00","date_gmt":"2021-04-06T08:45:00","guid":{"rendered":"http:\/\/www.psicologiasexologiamallorca.com\/?page_id=211"},"modified":"2023-01-30T05:51:09","modified_gmt":"2023-01-30T05:51:09","slug":"politica-de-privacidad","status":"publish","type":"page","link":"https:\/\/gestionescb.com\/de\/politica-de-privacidad\/","title":{"rendered":"Pol\u00edtica de Privacitat"},"content":{"rendered":"<p><strong>POL\u00cdTICA DE PRIVACITAT \u2013 INFORMACI\u00d3 AMPLIADA<\/strong><\/p>\n<p>DARRERA MODIFICACI\u00d3: 19\/03\/2020<\/p>\n<p>La Pol\u00edtica de Privacidad forma parte de las Condiciones Generales que rigen la P\u00e1gina Web <a href=\"http:\/\/www.psicologiainfantilmallorca.com\">www.gestionescb.com&nbsp;<\/a> junto con la Pol\u00edtica de Cookies y el Aviso Legal.<\/p>\n<p><strong><span id=\"direccionOcultar\">GRAN VIA 11 ARTA SL<\/span><\/strong> se reserva el derecho a modificar o adaptar la presente Pol\u00edtica de Privacidad en todo momento. Por lo tanto, le recomendamos que revise la misma cada vez qu<\/p>\n<p>La Pol\u00edtica de Privadesa forma part de les Condicions Generals que regeixen la P\u00e0gina Web www.gestionescb.com&nbsp; juntament amb la Pol\u00edtica de Cookies i l&#8217;Av\u00eds Legal.<\/p>\n<p><span id=\"direccionOcultar\">GRAN VIA 11 ARTA SL<\/span> (d&#8217;ara endavant gestionescb.com) es reserva el dret a modificar o adaptar la present Pol\u00edtica de Privadesa en tot moment. Per tant, us recomanem que reviseu la mateixa cada vegada que accediu a la P\u00e0gina Web. En cas que usuari s&#8217;hagi registrat a la p\u00e0gina web i accedeixi al seu compte o perfil, en accedir-hi, se us informar\u00e0 en el cas que hi hagi hagut modificacions substancials en relaci\u00f3 amb el tractament de les vostres dades personals.<\/p>\n<p><strong>Qui \u00e9s el responsable del tractament de les dades?<\/strong><\/p>\n<p>Les dades que es recullin o ens facilitis volunt\u00e0riament per mitj\u00e0 de la P\u00e0gina Web, ja sigui per la navegaci\u00f3 a la mateixa, aix\u00ed com tots aquells que ens puguis facilitar als formularis de contacte, via email o per tel\u00e8fon, seran recollits i tractats per el Responsable del Fitxer, les dades del qual s&#8217;indiquen a continuaci\u00f3:<\/p>\n<p><span id=\"direccionOcultar\">GRAN VIA 11 ARTA SL<\/span> CIF: B10796928<\/p>\n<p>Domicili: C\/ Gran Via de la Constituci\u00f3 11, Pis 1D<\/p>\n<p>Tfno: 971829239<\/p>\n<p>Contacte: info@gestionescb.com<\/p>\n<p>Si, per qualsevol motiu, vols posar-te en contacte amb nosaltres en qualsevol q\u00fcesti\u00f3 relacionada amb el tractament de les seves dades personals o privadesa (amb el nostre Delegat de Protecci\u00f3 de Dades), pots fer-ho a trav\u00e9s de qualsevol dels mitjans indicats anteriorment.<\/p>\n<p><strong>Quines dades recopilem a trav\u00e9s de la p\u00e0gina web?<\/strong><\/p>\n<p><strong>&nbsp;<\/strong><\/p>\n<p>Pel simple fet de navegar a la P\u00e0gina Web, gestionescb.com recopilar\u00e0 informaci\u00f3 referent a:<\/p>\n<p>&#8211; Adre\u00e7a IP.<\/p>\n<p>&#8211; Versi\u00f3 del navegador.<\/p>\n<p>\u2013 Sistema operatiu.<\/p>\n<p>&#8211; Durada de la visita o navegaci\u00f3 per la p\u00e0gina web.<\/p>\n<p>Aquesta informaci\u00f3 s&#8217;emmagatzema mitjan\u00e7ant Google Analytics, per la qual cosa ens remetem a la Pol\u00edtica de Privadesa de Google, ja que aquest recull i tracta aquesta informaci\u00f3. http:\/\/www.google.com\/intl\/en\/policies\/privacy\/<\/p>\n<p>De la mateixa manera, a la P\u00e0gina Web es facilita la utilitat de Google Maps, la qual pot tenir acc\u00e9s a la teva ubicaci\u00f3, en cas que li ho permetis, per tal de facilitar-te una major especificitat sobre la dist\u00e0ncia i\/o camins nostres seus. En aquest sentit, ens remetem a la Pol\u00edtica de Privadesa utilitzada per Google Maps, per tal de con\u00e8ixer l&#8217;\u00fas i el tractament d&#8217;aquestes dades http:\/\/www.google.com\/intl\/en\/policies\/privacy\/<\/p>\n<p>La informaci\u00f3 que nosaltres fem servir, no estar\u00e0 relacionada amb un usuari concret i s&#8217;emmagatzemar\u00e0 a les nostres bases de dades, amb la finalitat de realitzar an\u00e0lisis estad\u00edstiques, millores a la P\u00e0gina Web, sobre els nostres productes i\/o serveis i ens ajudar\u00e0 a millorar la nostra estrat\u00e8gia comercial. Les dades no seran comunicades a tercers.<\/p>\n<p><strong>Registre de l&#8217;usuari a la p\u00e0gina web\/ Enviament de formularis<\/strong><\/p>\n<p><strong>&nbsp;<\/strong>Per accedir a determinats productes i\/o serveis, com ara la sol\u00b7licitud de cita pr\u00e8via, cal que l&#8217;usuari empleni un formulari. Per aix\u00f2, al formulari de registre, se sol\u00b7liciten una s\u00e8rie de dades personals. Les dades s\u00f3n necess\u00e0ries i obligat\u00f2ries per dur a terme aquest registre. En cas de no facilitar aquests camps, no es dur\u00e0 a terme el registre.<\/p>\n<p>En aquest cas, les dades de navegaci\u00f3 s&#8217;associaran a les de registre de l&#8217;usuari, identificant el mateix usuari concret que navega per la p\u00e0gina web. D&#8217;aquesta manera, es podr\u00e0 personalitzar l&#8217;oferta de productes i\/o serveis que, segons el nostre criteri, s&#8217;ajusti m\u00e9s a l&#8217;usuari.<\/p>\n<p>Les dades de registre de cada usuari s&#8217;incorporaran a les bases de dades de gestionescb.com, juntament amb l&#8217;historial d&#8217;operacions realitzades per aquest, i s&#8217;hi emmagatzemaran mentre no s&#8217;elimini el compte de l&#8217;usuari registrat. Un cop eliminat aquest compte, aquesta informaci\u00f3 ser\u00e0 apartada de les nostres bases de dades, mantenint apartats durant 10 anys aquelles dades relatives a les transaccions realitzades, sense que s&#8217;hi accedeixin o alterin, per tal de donar compliment als terminis legalment vigents. Les dades que no estiguin vinculades a les transaccions realitzades es mantindran llevat que retiri el consentiment, cas en qu\u00e8 seran eliminades immediatament (sempre tenint en compte els terminis legals.<\/p>\n<p>La base legal per al tractament de les vostres dades personals \u00e9s l&#8217;execuci\u00f3 d&#8217;un contracte entre les parts.<\/p>\n<p>Pel que fa a la tramesa de comunicacions i promocions per via electr\u00f2nica i la resposta a les sol\u00b7licituds d&#8217;informaci\u00f3, la legitimaci\u00f3 del tractament \u00e9s el consentiment de l&#8217;afectat.<\/p>\n<p>Les finalitats del tractament seran les seg\u00fcents:<\/p>\n<p>a) Gestionar el teu acc\u00e9s a la p\u00e0gina web.<br \/>\nb) Gestionar la compra dels productes i\/o serveis posats a la teva disposici\u00f3 a trav\u00e9s de la p\u00e0gina web.<br \/>\nc) Mantenir-te informat de la tramitaci\u00f3 i l&#8217;estat de les seves sol\u00b7licituds, compres i\/o reserves.<br \/>\nd) Respondre la sol\u00b7licitud d&#8217;informaci\u00f3.<br \/>\ne) Gestionar totes les utilitats i\/o serveis que ofereix la plataforma a lusuari.<\/p>\n<p>Aix\u00ed, us informem que podreu rebre comunicacions via email i\/o al vostre tel\u00e8fon, per tal d&#8217;informar-vos de possibles incid\u00e8ncies, errors, problemes i\/o estat de les vostres sol\u00b7licituds.<\/p>\n<p>Per a l&#8217;enviament de comunicacions comercials, se sol\u00b7licitar\u00e0 el consentiment expr\u00e9s de l&#8217;usuari a l&#8217;hora de fer el registre. Respecte d&#8217;aix\u00f2, l&#8217;usuari podr\u00e0 revocar el consentiment prestat, adre\u00e7ant-se a gestionescb.com, fent \u00fas dels mitjans indicats anteriorment. En qualsevol cas, a cada comunicaci\u00f3 comercial, se li donar\u00e0 la possibilitat de donar-se de baixa a la recepci\u00f3 de les mateixes, ja sigui per mitj\u00e0 d&#8217;un link i\/o adre\u00e7a de correu electr\u00f2nic.<\/p>\n<p>Si ets algun dels col\u00b7lectius seg\u00fcents, consulta la informaci\u00f3 desplegable:<\/p>\n<p><strong>&nbsp;&nbsp;&nbsp;&nbsp;&nbsp;&nbsp;&nbsp;&nbsp;&nbsp;&nbsp;&nbsp; + CONTACTES DE LA WEB O DEL CORREU ELECTR\u00d2NIC<br \/>\n<\/strong><\/p>\n<p><strong>Amb quines finalitats tractarem les teves dades personals?<\/strong><\/p>\n<ul>\n<li>Contestar les teves consultes, sol\u00b7licituds o peticions.<\/li>\n<li>Gestionar el servei sol\u00b7licitat, contestar la sol\u00b7licitud o tramitar la teva petici\u00f3.<\/li>\n<li>Informaci\u00f3 per mitjans electr\u00f2nics, que versin sobre la teva sol\u00b7licitud.<\/li>\n<li>Informaci\u00f3 comercial o esdeveniments per mitjans electr\u00f2nics, sempre que hi hagi autoritzaci\u00f3 expressa.<\/li>\n<\/ul>\n<p><strong>Quina \u00e9s la legitimaci\u00f3 per al tractament de les teves dades?<\/strong><\/p>\n<p>L&#8217;acceptaci\u00f3 i el consentiment de l&#8217;interessat: En aquells casos on per realitzar una sol\u00b7licitud sigui necessari emplenar un formulari i fer un &#8222;clic&#8220; al bot\u00f3 d&#8217;enviar, la realitzaci\u00f3 del mateix implicar\u00e0 necess\u00e0riament que ha estat informat i n&#8217;ha atorgat expressament el consentiment al contingut de la cl\u00e0usula annexada a aquest formulari o acceptaci\u00f3 de la pol\u00edtica de privadesa.<\/p>\n<p>Tots els nostres formularis compten amb una casella de verificaci\u00f3 o checkbox amb la f\u00f3rmula seg\u00fcent, per poder enviar la informaci\u00f3: \u201c\u25a1 He llegit i accepto la Pol\u00edtica de privadesa.\u201d<\/p>\n<p><strong>+ PACIENTS<\/strong><\/p>\n<p><strong>Amb quines finalitats tractarem les teves dades personals?<\/strong><\/p>\n<ul>\n<li>Gestionar la relaci\u00f3 contractual i la prestaci\u00f3 dels serveis sanitaris sol\u00b7licitats.<\/li>\n<li>Tractament de les dades de salut del pacient, incloses les facilitades directament i volunt\u00e0riament i que permetin fer un seguiment de l&#8217;evoluci\u00f3 del pacient durant la prestaci\u00f3 del servei.<\/li>\n<li>Realitzar tots aquells tr\u00e0mits administratius, fiscals i comptables necessaris per complir els nostres compromisos contractuals i obligacions fiscals i comptables.<\/li>\n<li>Gestionar el cobrament al compte que s&#8217;indiqui a aquest efecte i amb car\u00e0cter indefinit, mentre continu\u00efn les relacions entre ambdues parts, mitjan\u00e7ant els rebuts corresponents al pagament dels serveis prestats.<\/li>\n<\/ul>\n<p><strong>Quina \u00e9s la legitimaci\u00f3 per al tractament de les teves dades?<\/strong><\/p>\n<p>La base legal \u00e9s el vostre consentiment i l&#8217;execuci\u00f3 d&#8217;un contracte.<\/p>\n<p><strong>PARES \/ MARES \/ TUTORS DE PACIENTS MENORS<\/strong><\/p>\n<p><strong>Amb quines finalitats tractarem les teves dades personals?<\/strong><\/p>\n<ul>\n<li>Gestionar la relaci\u00f3 contractual i la prestaci\u00f3 dels serveis sanitaris sol\u00b7licitats pel pacient menor.<\/li>\n<li>Informaci\u00f3 comercial o esdeveniments per mitjans electr\u00f2nics, sempre que hi hagi autoritzaci\u00f3 expressa.<\/li>\n<li>Gestionar els serveis administratius, de comunicacions i de log\u00edstica realitzats pel responsable.<\/li>\n<li>Facturaci\u00f3 dels rebuts corresponents al pagament dels serveis sol\u00b7licitats i prestats pel centre i declaraci\u00f3 dels impostos oportuns<\/li>\n<\/ul>\n<p><strong>Quina \u00e9s la legitimaci\u00f3 per al tractament de les teves dades?<\/strong><\/p>\n<p>La base legal \u00e9s el vostre consentiment i l&#8217;execuci\u00f3 d&#8217;un contracte.<\/p>\n<p><strong>+COL\u00b7LABORADORS<\/strong><\/p>\n<p><strong>Amb quines finalitats tractarem les teves dades personals?<\/strong><\/p>\n<ul>\n<li>Gestionar la relaci\u00f3 entre el col\u00b7laborador i el responsable del tractament.<\/li>\n<li>Gestionar els serveis administratius, de comunicacions i de log\u00edstica realitzats pel responsable.<\/li>\n<li>Realitzar les transaccions que corresponguin.<\/li>\n<li>Facturaci\u00f3 i declaraci\u00f3 dels impostos oportuns.<\/li>\n<\/ul>\n<p><strong>Quina \u00e9s la legitimaci\u00f3 per al tractament de les teves dades?<\/strong><\/p>\n<p>La base legal \u00e9s el vostre consentiment i l&#8217;execuci\u00f3 d&#8217;un contracte.<\/p>\n<p><strong>&nbsp;&nbsp;&nbsp;&nbsp;&nbsp;&nbsp;&nbsp;&nbsp;&nbsp;&nbsp;&nbsp; + CLIENTS<\/strong><\/p>\n<p><strong>Amb quines finalitats tractarem les teves dades personals?<\/strong><\/p>\n<ul>\n<li>Elaboraci\u00f3 del pressupost i seguiment del mateix mitjan\u00e7ant comunicacions entre ambdues parts.<\/li>\n<li>Informaci\u00f3 per mitjans electr\u00f2nics, que versin sobre la teva sol\u00b7licitud.<\/li>\n<li>Informaci\u00f3 comercial o esdeveniments per mitjans electr\u00f2nics, sempre que hi hagi autoritzaci\u00f3 expressa.<\/li>\n<li>Gestionar els serveis administratius, de comunicacions i de log\u00edstica realitzats pel responsable.<\/li>\n<li>Realitzar les transaccions que corresponguin.<\/li>\n<li>Facturaci\u00f3 i declaraci\u00f3 dels impostos oportuns.<\/li>\n<li>Gestions de control i recobrament.<\/li>\n<\/ul>\n<p><strong>Quina \u00e9s la legitimaci\u00f3 per al tractament de les teves dades?<\/strong><\/p>\n<p>La base legal \u00e9s el vostre consentiment i l&#8217;execuci\u00f3 d&#8217;un contracte.<\/p>\n<p><strong><br \/>\n+ PROVE\u00cfDORS.<br \/>\n<\/strong><\/p>\n<p><strong>Amb quines finalitats tractarem les teves dades personals?<\/strong><\/p>\n<ul>\n<li>Informaci\u00f3 per mitjans electr\u00f2nics, que versin sobre la teva sol\u00b7licitud.<\/li>\n<li>Informaci\u00f3 comercial o esdeveniments per mitjans electr\u00f2nics, sempre que hi hagi autoritzaci\u00f3 expressa.<\/li>\n<li>Gestionar els serveis administratius, de comunicacions i de log\u00edstica realitzats pel responsable.<\/li>\n<li>Facturaci\u00f3.<\/li>\n<li>Realitzar les transaccions que corresponguin.<\/li>\n<li>Facturaci\u00f3 i declaraci\u00f3 dels impostos oportuns.<\/li>\n<li>Gestions de control i recobrament.<\/li>\n<\/ul>\n<p><strong>Quina \u00e9s la legitimaci\u00f3 per al tractament de les teves dades?<\/strong><\/p>\n<p>La base legal \u00e9s l&#8217;acceptaci\u00f3 d&#8217;una relaci\u00f3 contractual, o si no n&#8217;hi ha el consentiment en contactar amb nosaltres o oferir-nos els seus productes per alguna via.<\/p>\n<p><strong>&nbsp;&nbsp;&nbsp;&nbsp;&nbsp;&nbsp;&nbsp;&nbsp;&nbsp;&nbsp; + CONTACTES XARXES SOCIALS<br \/>\n<\/strong><\/p>\n<p><strong>Amb quines finalitats tractarem les teves dades personals?<\/strong><\/p>\n<ul>\n<li>Contestar a tus consultas, solicitudes o peticiones.<\/li>\n<li>Gestionar el servicio solicitado, contestar tu solicitud, o tramitar tu petici\u00f3n.<\/li>\n<li>Relacionarnos contigo y crear una comunidad de seguidores.<\/li>\n<\/ul>\n<p><strong>Quina \u00e9s la legitimaci\u00f3 per al tractament de les teves dades?<\/strong><\/p>\n<p>L&#8217;acceptaci\u00f3 d&#8217;una relaci\u00f3 contractual a l&#8217;entorn de la xarxa social que correspongui, i d&#8217;acord amb les seves pol\u00edtiques de privadesa:<\/p>\n<p>Facebook &nbsp;&nbsp;&nbsp;&nbsp;&nbsp;&nbsp;&nbsp;&nbsp;&nbsp; <a href=\"http:\/\/www.facebook.com\/policy.php?ref=pf\">http:\/\/www.facebook.com\/policy.php?ref=pf<\/a><\/p>\n<p>Twitter&nbsp;&nbsp;&nbsp; &nbsp;&nbsp;&nbsp;&nbsp;&nbsp;&nbsp;&nbsp;&nbsp;&nbsp;&nbsp; <a href=\"http:\/\/twitter.com\/privacy\">http:\/\/twitter.com\/privacy<\/a><\/p>\n<p><strong>Durant quant de temps mantindrem les dades personals?<\/strong><\/p>\n<p>Nom\u00e9s podem consultar o donar de baixa les teves dades de manera restringida en tenir un perfil espec\u00edfic. Els tractarem tant de temps com tu ens deixis seguint-nos, sent amics o donant-li \u201cm&#8217;agrada\u201d, \u201cseguir\u201d o botons similars.<\/p>\n<p>Qualsevol rectificaci\u00f3 de les teves dades o restricci\u00f3 d&#8217;informaci\u00f3 o de publicacions l&#8217;has de fer a trav\u00e9s de la configuraci\u00f3 del teu perfil o usuari a la pr\u00f2pia xarxa social.<\/p>\n<p><strong>&nbsp;&nbsp;&nbsp;&nbsp;&nbsp;&nbsp;&nbsp;&nbsp;&nbsp;&nbsp;&nbsp; + DEMANDANTS D&#8217;OCUPACI\u00d3<br \/>\n<\/strong><\/p>\n<p><strong>Amb quines finalitats tractarem les teves dades personals?<\/strong><\/p>\n<ul>\n<li>Organitzaci\u00f3 de processos de selecci\u00f3 per a la contractaci\u00f3 de treballadors.<br \/>\nCitar-te per a entrevistes de treball i avaluar la teva candidatura.<br \/>\nSi ens heu donat el vostre consentiment, us el podrem cedir a entitats col\u00b7laboradores o afins, amb l&#8217;\u00fanic objectiu d&#8217;ajudar-vos a trobar feina.<\/li>\n<\/ul>\n<p><strong>Quina \u00e9s la legitimaci\u00f3 per al tractament de les teves dades?<\/strong><\/p>\n<p>La base legal \u00e9s el teu consentiment inequ\u00edvoc, en lliurar-nos el teu CV i rebre i signar informaci\u00f3 relativa als tractaments que efectuarem.<\/p>\n<p><strong>Durant quant de temps mantindrem les dades personals?<\/strong><\/p>\n<p>El curr\u00edculum ser\u00e0 emmagatzemat durant el termini d&#8217;un any, despr\u00e9s del qual, en cas de no haver-nos posats en contacte amb tu, ser\u00e0 eliminat.<\/p>\n<p><strong>&nbsp;&nbsp;&nbsp;&nbsp;&nbsp;&nbsp;&nbsp;&nbsp;&nbsp;&nbsp;&nbsp;&nbsp; + RRHH<\/strong><\/p>\n<p><strong>Amb quines finalitats tractarem les teves dades personals?<\/strong><\/p>\n<ul>\n<li>Gesti\u00f3 de la relaci\u00f3 laboral i de lexpedient del treballador.<\/li>\n<li>Realitzar tots aquells tr\u00e0mits administratius, fiscals i comptables necessaris per complir els nostres compromisos contractuals, obligacions en mat\u00e8ria de normativa laboral, Seguretat Social, prevenci\u00f3 de riscos laborals, fiscal i comptable.<\/li>\n<li>Gesti\u00f3 de pagament de n\u00f2mines mitjan\u00e7ant entitat financera.<\/li>\n<li>Control horari a trav\u00e9s del sistema de control d&#8217;acc\u00e9s mitjan\u00e7ant empremta\/targeta (si \u00e9s el cas).<\/li>\n<li>Gesti\u00f3 de les assegurances col\u00b7lectives \/ pla de pensions de l&#8217;entitat.<\/li>\n<li>Realitzar actuacions formatives tant de formaci\u00f3 bonificada com no bonificada.<\/li>\n<\/ul>\n<p><strong>Quina \u00e9s la legitimaci\u00f3 per al tractament de les teves dades?<\/strong><\/p>\n<p>La base legal per al tractament de les vostres dades \u00e9s l&#8217;execuci\u00f3 del vostre contracte laboral. El compliment de les obligacions legals pertinents. El consentiment de linteressat.<\/p>\n<p><strong>Incloem dades personals de terceres persones?<\/strong><\/p>\n<p>No, com a norma general nom\u00e9s tractem les dades que ens faciliten els titulars. Si ens aportes dades de tercers, haur\u00e0s amb car\u00e0cter previ, informar i sol\u00b7licitar el seu consentiment a aquestes persones, o altrament ens eximeixes de qualsevol responsabilitat per l&#8217;incompliment d&#8217;aquest requisit.<\/p>\n<p><strong>I dades de menors?<\/strong><\/p>\n<p>No tractem dades de menors de 14 anys, per tant, abstent de facilitar-les si no tens aquesta edat.<\/p>\n<p><strong>Realitzarem comunicacions per mitjans electr\u00f2nics?<\/strong><\/p>\n<ul>\n<li>Nom\u00e9s es faran per gestionar la teva sol\u00b7licitud, si \u00e9s un dels mitjans de contacte que ens ha facilitat.<\/li>\n<li>Si fem comunicacions comercials hauran estat pr\u00e8viament i expressament autoritzades per tu.<\/li>\n<\/ul>\n<p><strong>Quines mesures de seguretat apliquem?<\/strong><\/p>\n<p>Pots estar tranquil: Hem adoptat un nivell \u00f2ptim de protecci\u00f3 de les Dades Personals que fem servir, i hem instal\u00b7lat tots els mitjans i mesures t\u00e8cniques a la nostra disposici\u00f3, segons l&#8217;estat de la tecnologia, per evitar la p\u00e8rdua, mal \u00fas, alteraci\u00f3, acc\u00e9s no autoritzat i robatori de les Dades Personals.<\/p>\n<p><strong>En quina mesura s&#8217;automatitzar\u00e0 la presa de decisions?<\/strong><\/p>\n<p>gestionescb.com no utilitza processos de presa de decisions totalment automatitzades per entaular, desenvolupar o acabar una relaci\u00f3 contractual amb lusuari. En cas que usem aquests processos en un cas particular, et mantindrem informat i et comunicarem els teus drets al respecte si aix\u00ed ho prescriu la llei.<\/p>\n<p><strong>Tindr\u00e0 lloc l&#8217;elaboraci\u00f3 de perfils?<\/strong><\/p>\n<p>Per tal de poder oferir-te productes i\/o serveis d&#8217;acord amb els teus interessos i millorar la teva experi\u00e8ncia d&#8217;usuari, podrem elaborar un perfil comercial en base a la informaci\u00f3 facilitada. Aix\u00f2 no obstant, no es prendran decisions automatitzades en base a aquest perfil.<\/p>\n<p><strong>A quins destinataris es comunicaran les teves dades?<\/strong><\/p>\n<p>A GRAN VIA 11 SL<\/p>\n<p>Les teves dades no se cediran a tercers, excepte obligaci\u00f3 legal. En concret, es comunicaran a l&#8217;Ag\u00e8ncia Estatal de l&#8217;Administraci\u00f3 Tribut\u00e0ria ia bancs i entitats financeres per al cobrament del servei prestat o producte adquirit, aix\u00ed com als encarregats del tractament necessaris per a l&#8217;execuci\u00f3 de l&#8217;acord.<\/p>\n<p>En cas de compra o pagament, si tries alguna aplicaci\u00f3, web, plataforma, targeta banc\u00e0ria, o algun altre servei online, les teves dades se cediran a aquesta plataforma o es tractaran al seu entorn, sempre amb la m\u00e0xima seguretat.<\/p>\n<p>En el sup\u00f2sit que ens hagis donat el teu consentiment per al tractament del teu nom i imatges i altres informacions, relacionades amb l&#8217;activitat de gestionescb.com, es divulgaran a les diferents xarxes socials i p\u00e0gina web de gestionescb.com<\/p>\n<p><strong>Transfer\u00e8ncies internacionals.<\/strong><\/p>\n<p>En cas de ser necess\u00e0ria la realitzaci\u00f3 de transfer\u00e8ncies internacionals de dades per part gestionescb.com, nom\u00e9s es realitzaran a entitats sota l&#8217;habilitaci\u00f3 de l&#8217;acord EUA-Uni\u00f3 Europea Privacy Shield (m\u00e9s informaci\u00f3: https:\/\/www.privacyshield.gov\/welcome), a entitats que hagin demostrat que compleixen amb el nivell de protecci\u00f3 i garanties d&#8217;acord amb els par\u00e0metres i exig\u00e8ncies previstes a la normativa vigent en mat\u00e8ria de protecci\u00f3 de dades, com el Reglament Europeu, o quan hi hagi una habilitaci\u00f3 legal per realitzar la transfer\u00e8ncia internacional.<\/p>\n<p><strong>&nbsp;<\/strong><\/p>\n<p><strong>Quins drets tens?<\/strong><\/p>\n<ul>\n<li>A saber si estem tractant les dades o no.<\/li>\n<li>A accedir a les vostres dades personals.<\/li>\n<li>A sol\u00b7licitar la rectificaci\u00f3 de les teves dades si s\u00f3n inexactes.<\/li>\n<li>A sol\u00b7licitar la supressi\u00f3 de les teves dades si ja no s\u00f3n necess\u00e0ries per a les finalitats per a les quals van ser recollides o si ens retires el consentiment atorgat.<\/li>\n<li>A sol\u00b7licitar la limitaci\u00f3 del tractament de les vostres dades, en alguns sup\u00f2sits, cas en qu\u00e8 nom\u00e9s les conservarem d&#8217;acord amb la normativa vigent.<\/li>\n<li>A portar les teves dades, que et seran facilitades en un format estructurat, d\u00fas com\u00fa o lectura mec\u00e0nica. Si ho prefereixes, els podem enviar al nou responsable que ens designis. Nom\u00e9s \u00e9s v\u00e0lid en determinats sup\u00f2sits.<\/li>\n<li>A presentar una reclamaci\u00f3 davant de l&#8217;Ag\u00e8ncia Espanyola de Protecci\u00f3 de Dades, si creieu que no us hem at\u00e8s correctament.<\/li>\n<li>A revocar el consentiment per a qualsevol tractament per al qual hagis consentit, en qualsevol moment.<\/li>\n<\/ul>\n<p>Si modificas alg\u00fan dato, te agradecemos que nos lo comuniques para mantenerlos actualizados.<\/p>\n<p><strong>Voleu un formulari per a l&#8217;exercici de Drets?<\/strong><\/p>\n<ul>\n<li>Tenim formularis per a l&#8217;exercici dels teus drets, demana&#8217;ns-los per email o si ho prefereixes, pots fer servir els elaborats per l&#8217;Ag\u00e8ncia Espanyola de Protecci\u00f3 de Dades o tercers.<\/li>\n<li>Aquests formularis han d&#8217;anar signats electr\u00f2nicament o acompanyats de fotoc\u00f2pia del DNI.<br \/>\nSi et representa alg\u00fa, ens has d&#8217;adjuntar c\u00f2pia del seu DNI, o que el signi amb la signatura electr\u00f2nica.<\/li>\n<li>Els formularis es poden presentar presencialment, enviats per carta o per mail a l&#8217;adre\u00e7a del Responsable a l&#8217;inici d&#8217;aquest text.<\/li>\n<\/ul>\n<p>Teniu dret a presentar una reclamaci\u00f3 davant l&#8217;Ag\u00e8ncia Espanyola de Protecci\u00f3 de Dades, en cas que considereu que no s&#8217;ha at\u00e8s convenientment la sol\u00b7licitud dels vostres drets.<\/p>\n<p>El termini m\u00e0xim per resoldre per gestionescb.com, \u00e9s d&#8217;un mes, a comptar de la recepci\u00f3 efectiva de la teva sol\u00b7licitud per part nostra.<\/p>\n<p>Tens dret a revocar en qualsevol moment el consentiment per a qualsevol dels tractaments per als quals ho has atorgat.<\/p>\n<p><strong>Tractem COOKIES?<\/strong><\/p>\n<p>Si fem servir un altre tipus de cookies que no siguin les necess\u00e0ries, podr\u00e0s consultar la pol\u00edtica de cookies a l&#8217;enlla\u00e7 corresponent des de l&#8217;inici de la nostra web.<\/p>\n<p><strong>&nbsp;<\/strong>Durant quant de temps mantindrem les teves dades personals?<\/p>\n<ul>\n<li>Les dades personals seran mantingudes mentre segueixis vinculat amb nosaltres.<br \/>\nUn cop et desvinculis, les dades personals tractades a cada finalitat es mantindran durant els terminis legalment previstos, incl\u00f2s el termini en qu\u00e8 un jutge o tribunal les pugui requerir atenent el termini de prescripci\u00f3 d&#8217;accions judicials.<br \/>\nLes dades tractades es mantindran mentre no expirin els terminis legals al\u00b7ludits anteriorment, si hi hagu\u00e9s obligaci\u00f3 legal de manteniment, o de no existir aquest termini legal, fins que l&#8217;interessat sol\u00b7licite la supressi\u00f3 o revoqui el consentiment atorgat.<\/li>\n<\/ul>\n<p>Mantindrem tota la informaci\u00f3 i comunicacions relatives a la teva compra oa la prestaci\u00f3 del nostre servei, mentre durin les garanties dels productes o serveis, per atendre possibles reclamacions<\/p>\n","protected":false},"excerpt":{"rendered":"<p>POL\u00cdTICA DE PRIVACITAT \u2013 INFORMACI\u00d3 AMPLIADA DARRERA MODIFICACI\u00d3: 19\/03\/2020 La Pol\u00edtica de Privacidad forma parte de las Condiciones Generales que rigen la P\u00e1gina Web www.gestionescb.com&nbsp; junto con la Pol\u00edtica de Cookies y el Aviso Legal. GRAN VIA 11 ARTA SL se reserva el derecho a modificar o adaptar la presente Pol\u00edtica de Privacidad en todo&#8230; <\/p>\n","protected":false},"author":1,"featured_media":3219,"parent":0,"menu_order":101,"comment_status":"closed","ping_status":"closed","template":"","meta":{"_joinchat":[],"footnotes":""},"class_list":["post-211","page","type-page","status-publish","has-post-thumbnail","hentry"],"_links":{"self":[{"href":"https:\/\/gestionescb.com\/de\/wp-json\/wp\/v2\/pages\/211","targetHints":{"allow":["GET"]}}],"collection":[{"href":"https:\/\/gestionescb.com\/de\/wp-json\/wp\/v2\/pages"}],"about":[{"href":"https:\/\/gestionescb.com\/de\/wp-json\/wp\/v2\/types\/page"}],"author":[{"embeddable":true,"href":"https:\/\/gestionescb.com\/de\/wp-json\/wp\/v2\/users\/1"}],"replies":[{"embeddable":true,"href":"https:\/\/gestionescb.com\/de\/wp-json\/wp\/v2\/comments?post=211"}],"version-history":[{"count":39,"href":"https:\/\/gestionescb.com\/de\/wp-json\/wp\/v2\/pages\/211\/revisions"}],"predecessor-version":[{"id":3242,"href":"https:\/\/gestionescb.com\/de\/wp-json\/wp\/v2\/pages\/211\/revisions\/3242"}],"wp:featuredmedia":[{"embeddable":true,"href":"https:\/\/gestionescb.com\/de\/wp-json\/wp\/v2\/media\/3219"}],"wp:attachment":[{"href":"https:\/\/gestionescb.com\/de\/wp-json\/wp\/v2\/media?parent=211"}],"curies":[{"name":"wp","href":"https:\/\/api.w.org\/{rel}","templated":true}]}}