{"id":200,"date":"2021-04-06T08:41:00","date_gmt":"2021-04-06T08:41:00","guid":{"rendered":"http:\/\/www.psicologiasexologiamallorca.com\/?page_id=200"},"modified":"2023-01-30T05:49:59","modified_gmt":"2023-01-30T05:49:59","slug":"cookies","status":"publish","type":"page","link":"https:\/\/gestionescb.com\/de\/cookies\/","title":{"rendered":"Pol\u00edtica de Cookies i emmagatzematge local"},"content":{"rendered":"<p><strong>POL\u00cdTICA DE COOKIES I EMMAGATZEMATGE LOCAL<\/strong><\/p>\n<p><strong><u>Pol\u00edtica de cookies:<\/u><\/strong><\/p>\n<p>Segons la Llei 34\/2002, de 11 de juliol, de Serveis de la Societat de la Informaci\u00f3 i Comer\u00e7 Electr\u00f2nic us informem que aquest lloc web utilitza Cookies per millorar i optimitzar l&#8217;experi\u00e8ncia de l&#8217;usuari. A continuaci\u00f3 trobareu informaci\u00f3 detallada sobre qu\u00e8 s\u00f3n les \u201cCookies\u201d, quina tipologia utilitza aquest lloc web, com canviar la configuraci\u00f3 de les vostres cookies, i qu\u00e8 passa si les deshabilites.<\/p>\n<p><strong>Qu\u00e8 s\u00f3n les cookies?<\/strong><\/p>\n<p>Una cookie o galeta \u00e9s un fitxer que es descarrega al vostre ordinador en accedir a determinades p\u00e0gines web. Les galetes permeten a una p\u00e0gina web, entre altres coses, emmagatzemar i recuperar informaci\u00f3 sobre els h\u00e0bits de navegaci\u00f3 d&#8217;un usuari o del seu equip i, depenent de la informaci\u00f3 que continguin i de la manera com utilitzi el seu equip, es poden utilitzar per recon\u00e8ixer a l&#8217;usuari.<\/p>\n<p><strong>Quins tipus de cookies utilitza aquesta p\u00e0gina web?<\/strong><\/p>\n<ul>\n<li>Segons l&#8217;entitat que les gestioni, les galetes poden ser:<\/li>\n<li>Cookies pr\u00f2pies: S\u00f3n les que s&#8217;envien a l&#8217;equip terminal de l&#8217;interessat des d&#8217;un equip o domini gestionat pel mateix editor i des del qual es presta el servei sol\u00b7licitat per l&#8217;usuari.<\/li>\n<li>Cookies de tercers: S\u00f3n aquelles que s&#8217;envien a l&#8217;equip terminal de l&#8217;usuari des d&#8217;un equip o domini que no \u00e9s gestionat per l&#8217;editor, sin\u00f3 per una altra entitat que tracta les dades obtingudes a trav\u00e9s de les galetes.<\/li>\n<\/ul>\n<p>El Lloc Web utilitza tant galetes pr\u00f2pies com de tercers.<\/p>\n<ul>\n<li>Segons el termini de temps que romanen activades:<\/li>\n<li><strong>Cookies de sessi\u00f3:<\/strong> S\u00f3n un tipus de cookies dissenyades per demanar i emmagatzemar dades mentre l&#8217;usuari accedeix a una p\u00e0gina web. Se solen fer servir per emmagatzemar informaci\u00f3 que nom\u00e9s interessa conservar per a la prestaci\u00f3 del servei sol\u00b7licitat per l&#8217;usuari en una sola ocasi\u00f3 (p.ex. una llista de productes adquirits).<\/li>\n<li><strong>Cookies persistents<\/strong>: S\u00f3n un tipus de cookies en qu\u00e8 les dades segueixen emmagatzemades al terminal i poden ser accedides i tractades durant un per\u00edode definit pel responsable de la galeta, i que pot anar d&#8217;uns minuts a diversos anys.<\/li>\n<\/ul>\n<p>El Lloc Web utilitza tant galetes persistents com galetes de sessi\u00f3.<\/p>\n<ul>\n<li>Per a quines finalitats poden ser utilitzades les galetes de la web?<\/li>\n<\/ul>\n<ul>\n<li>Cookies t\u00e8cniques: S\u00f3n aquelles que permeten a l&#8217;usuari la navegaci\u00f3 a trav\u00e9s d&#8217;una p\u00e0gina web, plataforma o aplicaci\u00f3 i la utilitzaci\u00f3 de les diferents opcions o serveis que hi hagi com, per exemple, controlar el tr\u00e0nsit i la comunicaci\u00f3 de dades, identificar la sessi\u00f3, accedir a parts d&#8217;acc\u00e9s restringit, recordar els elements que integren una comanda, fer el proc\u00e9s de compra d&#8217;una comanda, fer la sol\u00b7licitud d&#8217;inscripci\u00f3 o participaci\u00f3 en un esdeveniment, utilitzar elements de seguretat durant la navegaci\u00f3, emmagatzemar continguts per a la difusi\u00f3 de v\u00eddeos o so o compartir continguts a trav\u00e9s de xarxes socials.<\/li>\n<li>Cookies de personalitzaci\u00f3: S\u00f3n aquelles que permeten a l&#8217;usuari accedir al servei amb algunes caracter\u00edstiques de car\u00e0cter general predefinides en funci\u00f3 d&#8217;una s\u00e8rie de criteris al terminal de l&#8217;usuari com ara serien l&#8217;idioma, el tipus de navegador a trav\u00e9s del qual accedeix al servei , la configuraci\u00f3 regional des d&#8217;on accedeix al servei, etc.<\/li>\n<li><strong>Cookies d&#8217;an\u00e0lisi:<\/strong> S\u00f3n aquelles que permeten al responsable d&#8217;aquestes, el seguiment i l&#8217;an\u00e0lisi del comportament dels usuaris dels llocs web als quals estan vinculades. La informaci\u00f3 recollida mitjan\u00e7ant aquest tipus de cookies s&#8217;utilitza en el mesurament de l&#8217;activitat dels llocs web, aplicaci\u00f3 o plataforma i per a l&#8217;elaboraci\u00f3 de perfils de navegaci\u00f3 dels usuaris d&#8217;aquests llocs, aplicacions i plataformes, per introduir millores a funci\u00f3 de lan\u00e0lisi de les dades d\u00fas que fan els usuaris del servei.<\/li>\n<li><strong>Cookies publicitarias:<\/strong> S\u00f3n aquelles que permeten la gesti\u00f3, de la manera m\u00e9s efica\u00e7 possible, dels espais publicitaris que, si escau, l&#8217;editor hagi incl\u00f2s en una p\u00e0gina web, aplicaci\u00f3 o plataforma des de la qual presta el servei sol\u00b7licitat segons criteris com el contingut editat o la freq\u00fc\u00e8ncia en qu\u00e8 es mostren els anuncis.<\/li>\n<li><strong>Cookies de publicitat comportamental:<\/strong> S\u00f3n aquelles que permeten la gesti\u00f3, de la manera m\u00e9s efica\u00e7 possible, dels espais publicitaris que, si escau, l&#8217;editor hagi incl\u00f2s en una p\u00e0gina web, aplicaci\u00f3 o plataforma des de la qual presta el servei sol\u00b7licitat. Aquestes galetes emmagatzemen informaci\u00f3 del comportament dels usuaris obtinguda a trav\u00e9s de l&#8217;observaci\u00f3 continuada dels seus h\u00e0bits de navegaci\u00f3, cosa que permet desenvolupar un perfil espec\u00edfic per mostrar publicitat en funci\u00f3 del mateix.<\/li>\n<\/ul>\n<ul>\n<li>Cookies pr\u00f2pies&nbsp; (No s&#8217;utilitzen cookies pr\u00f2pies)<\/li>\n<\/ul>\n<table width=\"100%\">\n<tbody>\n<tr>\n<td width=\"18%\"><strong>Nom cookie<\/strong><\/td>\n<td width=\"53%\"><strong>Descripci\u00f3 \/ Finalitat<\/strong><\/td>\n<td width=\"13%\"><strong>Prove\u00efdor<\/strong><\/td>\n<td width=\"14%\"><strong>Caducitat<\/strong><\/td>\n<\/tr>\n<tr>\n<td width=\"18%\"><\/td>\n<td width=\"53%\"><\/td>\n<td width=\"13%\"><\/td>\n<td width=\"14%\"><\/td>\n<\/tr>\n<tr>\n<td width=\"18%\"><\/td>\n<td width=\"53%\"><\/td>\n<td width=\"13%\"><\/td>\n<td width=\"14%\"><\/td>\n<\/tr>\n<\/tbody>\n<\/table>\n<ul>\n<li><strong>Cookies de Tercers<\/strong><\/li>\n<\/ul>\n<table width=\"100%\">\n<tbody>\n<tr>\n<td width=\"18%\"><strong>Nom cookie<\/strong><\/td>\n<td width=\"53%\"><strong>Descripci\u00f3 \/ Finalitat<\/strong><\/td>\n<td width=\"13%\"><strong>Prove\u00efdor<\/strong><\/td>\n<td width=\"14%\"><strong>M\u00e9s informaci\u00f3<\/strong><\/td>\n<\/tr>\n<tr>\n<td width=\"18%\">Google Analytics<\/td>\n<td width=\"53%\">Galetes de Google Analytics. Generen un ID d&#8217;usuari an\u00f2nim, que \u00e9s el que s&#8217;utilitza per fer recompte quantes vegades visita el lloc un usuari. Tamb\u00e9 registra quan va ser la primera i la darrera vegada que va visitar la web. Aix\u00ed mateix, calcula quan s&#8217;ha acabat una sessi\u00f3, l&#8217;origen de l&#8217;usuari i els keywords.<\/td>\n<td width=\"13%\">Google<\/td>\n<td width=\"14%\"><a href=\"https:\/\/developers.google.com\/analytics\/devguides\/collection\/analyticsjs\/cookie-usage\">M\u00e9s informaci\u00f3<\/a><\/td>\n<\/tr>\n<tr>\n<td width=\"18%\"><\/td>\n<td width=\"53%\"><\/td>\n<td width=\"13%\"><\/td>\n<td width=\"14%\"><\/td>\n<\/tr>\n<tr>\n<td width=\"18%\"><\/td>\n<td width=\"53%\"><\/td>\n<td width=\"13%\"><\/td>\n<td width=\"14%\"><\/td>\n<\/tr>\n<\/tbody>\n<\/table>\n<p><strong>Qu\u00e8 passa si es deshabiliten les galetes?<\/strong><\/p>\n<p>Algunes funcionalitats dels serveis i \u00e0rees d&#8217;aquest lloc web podrien no funcionar correctament si es deshabiliten les galetes.<\/p>\n<p><strong>Actualitzem la nostra Pol\u00edtica de Cookies?<\/strong><\/p>\n<p>\u00c9s possible que actualitzem la Pol\u00edtica de Cookies de la nostra p\u00e0gina web, per aix\u00f2 us recomanem revisar aquesta pol\u00edtica cada vegada que accediu al nostre lloc web amb l&#8217;objectiu d&#8217;estar adequadament informat sobre com i per a qu\u00e8 usem les cookies.<\/p>\n<p><strong>Com podeu configurar i\/o rebutjar les vostres galetes?<\/strong><\/p>\n<p>En clicar a \u201cENT\u00c8S\u201d i continuar al nostre lloc web, estar\u00e0 consentint l&#8217;\u00fas de les Cookies en les condicions contingudes en aquesta Pol\u00edtica de Cookies. Vost\u00e8 com a usuari t\u00e9 la possibilitat d&#8217;exercir el seu dret a bloquejar, eliminar i rebutjar l&#8217;\u00fas de cookies, en tot moment, modificant les opcions del navegador. Per exemple:<\/p>\n<ul>\n<li><strong>Microsoft Edge<\/strong>: Configuraci\u00f3&gt; Configuraci\u00f3 Avan\u00e7ada&gt; Cookies.<\/li>\n<\/ul>\n<p>Consulta el <a href=\"http:\/\/windows.microsoft.com\/es-ES\/windows\/support\">support de Microsoft<\/a> o l&#8217;ajuda del navegador.<\/p>\n<ul>\n<li><strong>Mozilla Firefox<\/strong>: <span class=\"VIiyi\" lang=\"ca\"><span class=\"JLqJ4b ChMk0b\"><span class=\"Q4iAWc\">Eines<\/span><\/span><\/span>&gt; Opcions&gt; Privacidad&gt; Historial&gt; Configuraci\u00f3 Personalitzada.<\/li>\n<\/ul>\n<p>Consulta el <a href=\"http:\/\/support.mozilla.org\/es\/home\">support de Mozilla<\/a> o l&#8217;ajuda del navegador.<\/p>\n<ul>\n<li><strong>Google Chrome<\/strong>: Configuraci\u00f3&gt; Mostrar opcions avan\u00e7ades &gt; Privacitat&gt; Configuraci\u00f3 de contingut.<\/li>\n<\/ul>\n<p>Consulta el <a href=\"http:\/\/support.google.com\/chrome\/?hl=es\">support de Google<\/a> o l&#8217;ajuda del navegador.<\/p>\n<ul>\n<li><strong>Safari (Apple)<\/strong>: Prefer\u00e8ncias&gt; Seguretat.<\/li>\n<\/ul>\n<p>Consulta el <a href=\"http:\/\/www.apple.com\/es\/support\/safari\/\">support de Apple<\/a> o l&#8217;ajuda del navegador.<\/p>\n<ul>\n<li><strong>Opera (Opera Software):<\/strong> Configuraci\u00f3 &gt; Opcions &gt; Avan\u00e7at &gt; Cookies<\/li>\n<\/ul>\n<p>Consulta el&nbsp;<a href=\"http:\/\/www.apple.com\/es\/support\/safari\/\">support<\/a> <a href=\"http:\/\/help.opera.com\/Windows\/11.50\/es-ES\/cookies.html\">d&#8217;Opera<\/a> o l&#8217;ajuda del navegador.<\/p>\n<p>Si utilitzeu un altre navegador, consulteu la vostra pol\u00edtica d&#8217;instal\u00b7laci\u00f3, \u00fas i bloqueig de galetes. No obstant aix\u00f2, usant l&#8217;eina <a href=\"http:\/\/www.youronlinechoices.com\/\">www.youronlinechoices.com<\/a>, podreu trobar informaci\u00f3 \u00fatil i configurar, prove\u00efdor per prove\u00efdor, les vostres prefer\u00e8ncies sobre les cookies.<\/p>\n<p><strong>Nom\u00e9s hi ha cookies?<\/strong><\/p>\n<p>Pot ser que hi hagi webs que facin servir altres formes d&#8217;emmagatzematge similar a les galetes per\u00f2 amb m\u00e9s capacitat, com altres formes d&#8217;emmagatzematge local de dades a l&#8217;equip del client, per exemple:<\/p>\n<ul>\n<li>LocalStorage i sessionStorage d&#8217;HTML5: Espai que el web pot fer servir a l&#8217;equip de l&#8217;usuari. Normalment esborrant l&#8217;historial de Navegaci\u00f3 es poden esborrar.<\/li>\n<li>Els &#8222;Local Shared Objects&#8220; de Flash (l&#8217;isolated storage&#8220; de Silverlight): S&#8217;emmagatzemen dins de la carpeta de Microsoft d&#8217;on t\u00e9 el perfil d&#8217;usuari. Cal entrar a la carpeta i esborrar-ho. (Exemple: els v\u00eddeos de vimeu).<\/li>\n<li>Flash serveix per incorporar elements multim\u00e8dia en una web, i per aix\u00f2 emmagatzema fitxers a l&#8217;equip de l&#8217;usuari.<\/li>\n<li>El web beacon serveix per rastrejar la teva activitat, inserint una mini-imatge de la qual ni tan sols t&#8217;adones. Quan navegues per la web, se&#8217;t carrega juntament amb la p\u00e0gina, i el servidor d&#8217;on es descarrega la foto, registra l&#8217;hora de l&#8217;acc\u00e9s, o les vegades que hi has accedit.<\/li>\n<\/ul>\n<p>Aquests fitxers s\u00f3n m\u00e9s intrusius que les cookies, ja que s\u00f3n m\u00e9s complicats d&#8217;eliminar, guarden m\u00e9s informaci\u00f3, i s\u00f3n independents al navegador que es faci servir. Nosaltres no fem servir aquest tipus demmagatzematge.<\/p>\n","protected":false},"excerpt":{"rendered":"<p>POL\u00cdTICA DE COOKIES I EMMAGATZEMATGE LOCAL Pol\u00edtica de cookies: Segons la Llei 34\/2002, de 11 de juliol, de Serveis de la Societat de la Informaci\u00f3 i Comer\u00e7 Electr\u00f2nic us informem que aquest lloc web utilitza Cookies per millorar i optimitzar l&#8217;experi\u00e8ncia de l&#8217;usuari. A continuaci\u00f3 trobareu informaci\u00f3 detallada sobre qu\u00e8 s\u00f3n les \u201cCookies\u201d, quina tipologia&#8230; <\/p>\n","protected":false},"author":1,"featured_media":3219,"parent":0,"menu_order":100,"comment_status":"closed","ping_status":"closed","template":"","meta":{"_joinchat":[],"footnotes":""},"class_list":["post-200","page","type-page","status-publish","has-post-thumbnail","hentry"],"_links":{"self":[{"href":"https:\/\/gestionescb.com\/de\/wp-json\/wp\/v2\/pages\/200","targetHints":{"allow":["GET"]}}],"collection":[{"href":"https:\/\/gestionescb.com\/de\/wp-json\/wp\/v2\/pages"}],"about":[{"href":"https:\/\/gestionescb.com\/de\/wp-json\/wp\/v2\/types\/page"}],"author":[{"embeddable":true,"href":"https:\/\/gestionescb.com\/de\/wp-json\/wp\/v2\/users\/1"}],"replies":[{"embeddable":true,"href":"https:\/\/gestionescb.com\/de\/wp-json\/wp\/v2\/comments?post=200"}],"version-history":[{"count":20,"href":"https:\/\/gestionescb.com\/de\/wp-json\/wp\/v2\/pages\/200\/revisions"}],"predecessor-version":[{"id":3241,"href":"https:\/\/gestionescb.com\/de\/wp-json\/wp\/v2\/pages\/200\/revisions\/3241"}],"wp:featuredmedia":[{"embeddable":true,"href":"https:\/\/gestionescb.com\/de\/wp-json\/wp\/v2\/media\/3219"}],"wp:attachment":[{"href":"https:\/\/gestionescb.com\/de\/wp-json\/wp\/v2\/media?parent=200"}],"curies":[{"name":"wp","href":"https:\/\/api.w.org\/{rel}","templated":true}]}}